{"id":99,"date":"2025-10-10T17:52:09","date_gmt":"2025-10-10T17:52:09","guid":{"rendered":"https:\/\/antonreicha.com\/?page_id=99"},"modified":"2025-10-14T17:25:05","modified_gmt":"2025-10-14T17:25:05","slug":"info","status":"publish","type":"page","link":"https:\/\/antonreicha.com\/index.php\/info\/","title":{"rendered":"About"},"content":{"rendered":"\n<div class=\"wp-block-columns is-layout-flex wp-container-core-columns-is-layout-28f84493 wp-block-columns-is-layout-flex\">\n<div class=\"wp-block-column is-layout-flow wp-block-column-is-layout-flow\" style=\"flex-basis:66.66%\">\n<p>The International Reicha Society is a band of avid chamber musicians hellbent on spreading the forgotten music of Anton Reicha across the globe.&nbsp;<\/p>\n\n\n\n<p>Who was Anton Reicha you might ask? An exact contemporary of Beethoven (they were both born in 1770), and a childhood friend, Reicha went on to an important and influential career as a composition teacher and music theorist, yet his substantial body of work as a composer has all but been forgotten.&nbsp;<\/p>\n\n\n\n<p>That\u2019s where we come in. Reicha wrote many orchestral works and concerti, 14 operas, at least 29 string quartets, probably 10 string quintets, mixed chamber works for strings and winds, and 25 woodwind quintets, for which he is most famous as a composer.&nbsp;<\/p>\n\n\n\n<p>So why the<em> at least\u2019s<\/em> and <em>probably\u2019s<\/em>? That\u2019s because Reicha was not interested in the publication and proliferation of his own music. What this means is that today, unfortunately, his catalog is filled with works with no opus and we cannot rely on the opus numbers that exist to give us a chronological picture of his body of work. There are lost and incomplete compositions, and many of them still exist in manuscript only. All of these obstacles mean that a true scholarly understanding of this musical scientist and his work has been avoided until recently.<\/p>\n\n\n\n<p>Here at the Reicha Society we do not claim to be musicologists. We are most interested in breathing the life of live performance into these forgotten masterpieces, but in order to do this we must sometimes don the hat of the scholar. In order to present programs of Reicha\u2019s and related music, we often are working from editions we have created ourselves using a combination of manuscripts, handwritten parts, and error riddled first editions. Some even contain the fingerings and bowings of the original performers!<\/p>\n<\/div>\n\n\n\n<div class=\"wp-block-column is-layout-flow wp-block-column-is-layout-flow\" style=\"flex-basis:33.33%\">\n<figure class=\"wp-block-image size-full\"><a href=\"https:\/\/antonreicha.com\/wp-content\/uploads\/2025\/10\/21018_4c85ede3-b902-4ca5-ab2d-fb0b10bd12fe.jpeg\"><img loading=\"lazy\" decoding=\"async\" width=\"450\" height=\"800\" src=\"https:\/\/antonreicha.com\/wp-content\/uploads\/2025\/10\/21018_4c85ede3-b902-4ca5-ab2d-fb0b10bd12fe.jpeg\" alt=\"\" class=\"wp-image-126\" srcset=\"https:\/\/antonreicha.com\/wp-content\/uploads\/2025\/10\/21018_4c85ede3-b902-4ca5-ab2d-fb0b10bd12fe.jpeg 450w, https:\/\/antonreicha.com\/wp-content\/uploads\/2025\/10\/21018_4c85ede3-b902-4ca5-ab2d-fb0b10bd12fe-169x300.jpeg 169w\" sizes=\"auto, (max-width: 450px) 100vw, 450px\" \/><\/a><figcaption class=\"wp-element-caption\">Memorial stone of Anton Reicha (1770-1836). Located at Cimeti\u00e8re du P\u00e8re Lachaise Paris, City of Paris, \u00cele-de-France, France. Plot division 7\n<\/figcaption><\/figure>\n<\/div>\n<\/div>\n","protected":false},"excerpt":{"rendered":"<p>The International Reicha Society is a band of avid chamber musicians hellbent on spreading the forgotten music of Anton Reicha [&hellip;]<\/p>\n","protected":false},"author":1,"featured_media":0,"parent":0,"menu_order":0,"comment_status":"closed","ping_status":"closed","template":"","meta":{"site-sidebar-layout":"default","site-content-layout":"","ast-site-content-layout":"default","site-content-style":"default","site-sidebar-style":"default","ast-global-header-display":"","ast-banner-title-visibility":"","ast-main-header-display":"","ast-hfb-above-header-display":"","ast-hfb-below-header-display":"","ast-hfb-mobile-header-display":"","site-post-title":"disabled","ast-breadcrumbs-content":"","ast-featured-img":"","footer-sml-layout":"","ast-disable-related-posts":"","theme-transparent-header-meta":"","adv-header-id-meta":"","stick-header-meta":"","header-above-stick-meta":"","header-main-stick-meta":"","header-below-stick-meta":"","astra-migrate-meta-layouts":"default","ast-page-background-enabled":"default","ast-page-background-meta":{"desktop":{"background-color":"var(--ast-global-color-5)","background-image":"","background-repeat":"repeat","background-position":"center center","background-size":"auto","background-attachment":"scroll","background-type":"","background-media":"","overlay-type":"","overlay-color":"","overlay-opacity":"","overlay-gradient":""},"tablet":{"background-color":"","background-image":"","background-repeat":"repeat","background-position":"center center","background-size":"auto","background-attachment":"scroll","background-type":"","background-media":"","overlay-type":"","overlay-color":"","overlay-opacity":"","overlay-gradient":""},"mobile":{"background-color":"","background-image":"","background-repeat":"repeat","background-position":"center center","background-size":"auto","background-attachment":"scroll","background-type":"","background-media":"","overlay-type":"","overlay-color":"","overlay-opacity":"","overlay-gradient":""}},"ast-content-background-meta":{"desktop":{"background-color":"var(--ast-global-color-4)","background-image":"","background-repeat":"repeat","background-position":"center center","background-size":"auto","background-attachment":"scroll","background-type":"","background-media":"","overlay-type":"","overlay-color":"","overlay-opacity":"","overlay-gradient":""},"tablet":{"background-color":"var(--ast-global-color-4)","background-image":"","background-repeat":"repeat","background-position":"center center","background-size":"auto","background-attachment":"scroll","background-type":"","background-media":"","overlay-type":"","overlay-color":"","overlay-opacity":"","overlay-gradient":""},"mobile":{"background-color":"var(--ast-global-color-4)","background-image":"","background-repeat":"repeat","background-position":"center center","background-size":"auto","background-attachment":"scroll","background-type":"","background-media":"","overlay-type":"","overlay-color":"","overlay-opacity":"","overlay-gradient":""}},"footnotes":""},"class_list":["post-99","page","type-page","status-publish","hentry"],"_links":{"self":[{"href":"https:\/\/antonreicha.com\/index.php\/wp-json\/wp\/v2\/pages\/99","targetHints":{"allow":["GET"]}}],"collection":[{"href":"https:\/\/antonreicha.com\/index.php\/wp-json\/wp\/v2\/pages"}],"about":[{"href":"https:\/\/antonreicha.com\/index.php\/wp-json\/wp\/v2\/types\/page"}],"author":[{"embeddable":true,"href":"https:\/\/antonreicha.com\/index.php\/wp-json\/wp\/v2\/users\/1"}],"replies":[{"embeddable":true,"href":"https:\/\/antonreicha.com\/index.php\/wp-json\/wp\/v2\/comments?post=99"}],"version-history":[{"count":7,"href":"https:\/\/antonreicha.com\/index.php\/wp-json\/wp\/v2\/pages\/99\/revisions"}],"predecessor-version":[{"id":144,"href":"https:\/\/antonreicha.com\/index.php\/wp-json\/wp\/v2\/pages\/99\/revisions\/144"}],"wp:attachment":[{"href":"https:\/\/antonreicha.com\/index.php\/wp-json\/wp\/v2\/media?parent=99"}],"curies":[{"name":"wp","href":"https:\/\/api.w.org\/{rel}","templated":true}]}}